{"id":229,"date":"2024-11-08T17:05:18","date_gmt":"2024-11-08T16:05:18","guid":{"rendered":"https:\/\/dreamshaper.fr\/?page_id=229"},"modified":"2024-12-20T17:19:42","modified_gmt":"2024-12-20T16:19:42","slug":"a-propos","status":"publish","type":"page","link":"https:\/\/dreamshaper.fr\/en\/a-propos\/","title":{"rendered":"About me"},"content":{"rendered":"<div data-elementor-type=\"wp-page\" data-elementor-id=\"229\" class=\"elementor elementor-229\">\n\t\t\t\t<div class=\"elementor-element elementor-element-1149e95 e-con-full e-flex e-con e-parent\" data-id=\"1149e95\" data-element_type=\"container\">\n\t\t\t\t<div class=\"elementor-element elementor-element-8c6a8e9 elementor-widget elementor-widget-spacer\" data-id=\"8c6a8e9\" data-element_type=\"widget\" data-widget_type=\"spacer.default\">\n\t\t\t\t<div class=\"elementor-widget-container\">\n\t\t\t\t\t\t\t<div class=\"elementor-spacer\">\n\t\t\t<div class=\"elementor-spacer-inner\"><\/div>\n\t\t<\/div>\n\t\t\t\t\t\t<\/div>\n\t\t\t\t<\/div>\n\t\t\t\t<\/div>\n\t\t<div class=\"elementor-element elementor-element-244a5a3d e-con-full e-transform e-flex e-con e-parent\" data-id=\"244a5a3d\" data-element_type=\"container\" data-settings=\"{&quot;background_background&quot;:&quot;classic&quot;,&quot;_transform_scaleX_effect&quot;:{&quot;unit&quot;:&quot;px&quot;,&quot;size&quot;:&quot;&quot;,&quot;sizes&quot;:[]},&quot;_transform_scaleX_effect_tablet&quot;:{&quot;unit&quot;:&quot;px&quot;,&quot;size&quot;:&quot;&quot;,&quot;sizes&quot;:[]},&quot;_transform_scaleX_effect_mobile&quot;:{&quot;unit&quot;:&quot;px&quot;,&quot;size&quot;:&quot;&quot;,&quot;sizes&quot;:[]},&quot;_transform_scaleY_effect&quot;:{&quot;unit&quot;:&quot;px&quot;,&quot;size&quot;:&quot;&quot;,&quot;sizes&quot;:[]},&quot;_transform_scaleY_effect_tablet&quot;:{&quot;unit&quot;:&quot;px&quot;,&quot;size&quot;:&quot;&quot;,&quot;sizes&quot;:[]},&quot;_transform_scaleY_effect_mobile&quot;:{&quot;unit&quot;:&quot;px&quot;,&quot;size&quot;:&quot;&quot;,&quot;sizes&quot;:[]}}\">\n\t\t\t\t<div class=\"elementor-element elementor-element-129601e3 elementor-widget elementor-widget-image\" data-id=\"129601e3\" data-element_type=\"widget\" data-widget_type=\"image.default\">\n\t\t\t\t<div class=\"elementor-widget-container\">\n\t\t\t\t\t\t\t\t\t\t\t\t\t\t\t<img fetchpriority=\"high\" decoding=\"async\" width=\"663\" height=\"1036\" src=\"https:\/\/dreamshaper.fr\/wp-content\/uploads\/2024\/11\/a_propos.jpg\" class=\"attachment-medium_large size-medium_large wp-image-309\" alt=\"Yashn\" srcset=\"https:\/\/dreamshaper.fr\/wp-content\/uploads\/2024\/11\/a_propos.jpg 663w, https:\/\/dreamshaper.fr\/wp-content\/uploads\/2024\/11\/a_propos-192x300.jpg 192w, https:\/\/dreamshaper.fr\/wp-content\/uploads\/2024\/11\/a_propos-655x1024.jpg 655w\" sizes=\"(max-width: 663px) 100vw, 663px\" \/>\t\t\t\t\t\t\t\t\t\t\t\t\t\t\t<\/div>\n\t\t\t\t<\/div>\n\t\t<div class=\"elementor-element elementor-element-7b8acfda e-con-full e-flex e-con e-child\" data-id=\"7b8acfda\" data-element_type=\"container\">\n\t\t\t\t<div class=\"elementor-element elementor-element-5bc4dc9d elementor-widget elementor-widget-elementskit-heading\" data-id=\"5bc4dc9d\" data-element_type=\"widget\" data-widget_type=\"elementskit-heading.default\">\n\t\t\t\t<div class=\"elementor-widget-container\">\n\t\t\t\t\t<div class=\"ekit-wid-con\" ><div class=\"ekit-heading elementskit-section-title-wraper text_left   ekit_heading_tablet-   ekit_heading_mobile-\"><h2 class=\"ekit-heading--title elementskit-section-title\">Welcome to my universe!<\/h2><div class=\"ekit_heading_separetor_wraper ekit_heading_elementskit-border-divider\"><div class=\"elementskit-border-divider\"><\/div><\/div><\/div><\/div>\t\t\t\t<\/div>\n\t\t\t\t<\/div>\n\t\t\t\t<div class=\"elementor-element elementor-element-7d8c74a3 elementor-widget elementor-widget-text-editor\" data-id=\"7d8c74a3\" data-element_type=\"widget\" data-widget_type=\"text-editor.default\">\n\t\t\t\t<div class=\"elementor-widget-container\">\n\t\t\t\t\t\t\t\t\t<p>Having drawn for a long time, I love to express and bring ideas to life. This passion led me to explore 3D printing, and eventually, painting objects.<\/p>\n\n<p><center><em>Today, I\u2019ve decided to put my skills at the service of your ideas and needs!<\/em><\/center><\/p>\n\n<p>I offer a 3D printing service, ranging from plastic prototypes to decorative resin objects. To make each piece truly special, I also provide a painting service, transforming your object into a unique work of art.<\/p>\t\t\t\t\t\t\t\t<\/div>\n\t\t\t\t<\/div>\n\t\t\t\t<div class=\"elementor-element elementor-element-5ea1fe0e elementor-widget elementor-widget-elementskit-heading\" data-id=\"5ea1fe0e\" data-element_type=\"widget\" data-widget_type=\"elementskit-heading.default\">\n\t\t\t\t<div class=\"elementor-widget-container\">\n\t\t\t\t\t<div class=\"ekit-wid-con\" ><div class=\"ekit-heading elementskit-section-title-wraper text_left   ekit_heading_tablet-   ekit_heading_mobile-\"><h2 class=\"ekit-heading--title elementskit-section-title\">Get in touch with me<\/h2><div class=\"ekit_heading_separetor_wraper ekit_heading_elementskit-border-divider ekit-dotted\"><div class=\"elementskit-border-divider ekit-dotted\"><\/div><\/div><\/div><\/div>\t\t\t\t<\/div>\n\t\t\t\t<\/div>\n\t\t\t\t<div class=\"elementor-element elementor-element-590290e8 elementor-widget elementor-widget-text-editor\" data-id=\"590290e8\" data-element_type=\"widget\" data-widget_type=\"text-editor.default\">\n\t\t\t\t<div class=\"elementor-widget-container\">\n\t\t\t\t\t\t\t\t\t<p>You can reach me through one of my communication channels:<\/p>\t\t\t\t\t\t\t\t<\/div>\n\t\t\t\t<\/div>\n\t\t<div class=\"elementor-element elementor-element-66d05398 e-grid e-con-full e-con e-child\" data-id=\"66d05398\" data-element_type=\"container\">\n\t\t\t\t<div class=\"elementor-element elementor-element-21ed5012 elementor-view-default elementor-position-top elementor-mobile-position-top elementor-widget elementor-widget-icon-box\" data-id=\"21ed5012\" data-element_type=\"widget\" data-widget_type=\"icon-box.default\">\n\t\t\t\t<div class=\"elementor-widget-container\">\n\t\t\t\t\t\t\t<div class=\"elementor-icon-box-wrapper\">\n\n\t\t\t\t\t\t<div class=\"elementor-icon-box-icon\">\n\t\t\t\t<a href=\"https:\/\/t.me\/yashn37\" target=\"_blank\" mail=\"contact@yashn.org\" class=\"elementor-icon\" tabindex=\"-1\" aria-label=\"Telegram\">\n\t\t\t\t<svg aria-hidden=\"true\" class=\"e-font-icon-svg e-fab-telegram\" viewbox=\"0 0 496 512\" xmlns=\"http:\/\/www.w3.org\/2000\/svg\"><path d=\"M248 8C111 8 0 119 0 256s111 248 248 248 248-111 248-248S385 8 248 8zm121.8 169.9l-40.7 191.8c-3 13.6-11.1 16.9-22.4 10.5l-62-45.7-29.9 28.8c-3.3 3.3-6.1 6.1-12.5 6.1l4.4-63.1 114.9-103.8c5-4.4-1.1-6.9-7.7-2.5l-142 89.4-61.2-19.1c-13.3-4.2-13.6-13.3 2.8-19.7l239.1-92.2c11.1-4 20.8 2.7 17.2 19.5z\"><\/path><\/svg>\t\t\t\t<\/a>\n\t\t\t<\/div>\n\t\t\t\n\t\t\t\t\t\t<div class=\"elementor-icon-box-content\">\n\n\t\t\t\t\t\t\t\t\t<h3 class=\"elementor-icon-box-title\">\n\t\t\t\t\t\t<a href=\"https:\/\/t.me\/yashn37\" target=\"_blank\" mail=\"contact@yashn.org\" >\n\t\t\t\t\t\t\tTelegram\t\t\t\t\t\t<\/a>\n\t\t\t\t\t<\/h3>\n\t\t\t\t\n\t\t\t\t\n\t\t\t<\/div>\n\t\t\t\n\t\t<\/div>\n\t\t\t\t\t\t<\/div>\n\t\t\t\t<\/div>\n\t\t\t\t<div class=\"elementor-element elementor-element-eb5836f elementor-view-default elementor-position-top elementor-mobile-position-top elementor-widget elementor-widget-icon-box\" data-id=\"eb5836f\" data-element_type=\"widget\" data-widget_type=\"icon-box.default\">\n\t\t\t\t<div class=\"elementor-widget-container\">\n\t\t\t\t\t\t\t<div class=\"elementor-icon-box-wrapper\">\n\n\t\t\t\t\t\t<div class=\"elementor-icon-box-icon\">\n\t\t\t\t<a href=\"https:\/\/discordapp.com\/users\/169787071622283264\" target=\"_blank\" mail=\"contact@yashn.org\" class=\"elementor-icon\" tabindex=\"-1\" aria-label=\"Discord\">\n\t\t\t\t<svg aria-hidden=\"true\" class=\"e-font-icon-svg e-fab-discord\" viewbox=\"0 0 448 512\" xmlns=\"http:\/\/www.w3.org\/2000\/svg\"><path d=\"M297.216 243.2c0 15.616-11.52 28.416-26.112 28.416-14.336 0-26.112-12.8-26.112-28.416s11.52-28.416 26.112-28.416c14.592 0 26.112 12.8 26.112 28.416zm-119.552-28.416c-14.592 0-26.112 12.8-26.112 28.416s11.776 28.416 26.112 28.416c14.592 0 26.112-12.8 26.112-28.416.256-15.616-11.52-28.416-26.112-28.416zM448 52.736V512c-64.494-56.994-43.868-38.128-118.784-107.776l13.568 47.36H52.48C23.552 451.584 0 428.032 0 398.848V52.736C0 23.552 23.552 0 52.48 0h343.04C424.448 0 448 23.552 448 52.736zm-72.96 242.688c0-82.432-36.864-149.248-36.864-149.248-36.864-27.648-71.936-26.88-71.936-26.88l-3.584 4.096c43.52 13.312 63.744 32.512 63.744 32.512-60.811-33.329-132.244-33.335-191.232-7.424-9.472 4.352-15.104 7.424-15.104 7.424s21.248-20.224 67.328-33.536l-2.56-3.072s-35.072-.768-71.936 26.88c0 0-36.864 66.816-36.864 149.248 0 0 21.504 37.12 78.08 38.912 0 0 9.472-11.52 17.152-21.248-32.512-9.728-44.8-30.208-44.8-30.208 3.766 2.636 9.976 6.053 10.496 6.4 43.21 24.198 104.588 32.126 159.744 8.96 8.96-3.328 18.944-8.192 29.44-15.104 0 0-12.8 20.992-46.336 30.464 7.68 9.728 16.896 20.736 16.896 20.736 56.576-1.792 78.336-38.912 78.336-38.912z\"><\/path><\/svg>\t\t\t\t<\/a>\n\t\t\t<\/div>\n\t\t\t\n\t\t\t\t\t\t<div class=\"elementor-icon-box-content\">\n\n\t\t\t\t\t\t\t\t\t<h3 class=\"elementor-icon-box-title\">\n\t\t\t\t\t\t<a href=\"https:\/\/discordapp.com\/users\/169787071622283264\" target=\"_blank\" mail=\"contact@yashn.org\" >\n\t\t\t\t\t\t\tDiscord\t\t\t\t\t\t<\/a>\n\t\t\t\t\t<\/h3>\n\t\t\t\t\n\t\t\t\t\n\t\t\t<\/div>\n\t\t\t\n\t\t<\/div>\n\t\t\t\t\t\t<\/div>\n\t\t\t\t<\/div>\n\t\t\t\t<div class=\"elementor-element elementor-element-84159a1 elementor-view-default elementor-position-top elementor-mobile-position-top elementor-widget elementor-widget-icon-box\" data-id=\"84159a1\" data-element_type=\"widget\" data-widget_type=\"icon-box.default\">\n\t\t\t\t<div class=\"elementor-widget-container\">\n\t\t\t\t\t\t\t<div class=\"elementor-icon-box-wrapper\">\n\n\t\t\t\t\t\t<div class=\"elementor-icon-box-icon\">\n\t\t\t\t<a href=\"mailto:contact%5BAT%5Ddreamshaper%5BDOT%5Dfr\" target=\"_blank\" mail=\"contact@yashn.org\" class=\"elementor-icon\" tabindex=\"-1\" aria-label=\"Mail\">\n\t\t\t\t<i aria-hidden=\"true\" class=\"icon icon-email1\"><\/i>\t\t\t\t<\/a>\n\t\t\t<\/div>\n\t\t\t\n\t\t\t\t\t\t<div class=\"elementor-icon-box-content\">\n\n\t\t\t\t\t\t\t\t\t<h3 class=\"elementor-icon-box-title\">\n\t\t\t\t\t\t<a href=\"mailto:contact%5BAT%5Ddreamshaper%5BDOT%5Dfr\" target=\"_blank\" mail=\"contact@yashn.org\" >\n\t\t\t\t\t\t\tMail\t\t\t\t\t\t<\/a>\n\t\t\t\t\t<\/h3>\n\t\t\t\t\n\t\t\t\t\n\t\t\t<\/div>\n\t\t\t\n\t\t<\/div>\n\t\t\t\t\t\t<\/div>\n\t\t\t\t<\/div>\n\t\t\t\t<div class=\"elementor-element elementor-element-afa5c9e elementor-view-default elementor-position-top elementor-mobile-position-top elementor-widget elementor-widget-icon-box\" data-id=\"afa5c9e\" data-element_type=\"widget\" data-widget_type=\"icon-box.default\">\n\t\t\t\t<div class=\"elementor-widget-container\">\n\t\t\t\t\t\t\t<div class=\"elementor-icon-box-wrapper\">\n\n\t\t\t\t\t\t<div class=\"elementor-icon-box-icon\">\n\t\t\t\t<a href=\"https:\/\/x.com\/dreamshaperfr\" target=\"_blank\" mail=\"contact@yashn.org\" class=\"elementor-icon\" tabindex=\"-1\" aria-label=\"X\">\n\t\t\t\t<svg aria-hidden=\"true\" class=\"e-font-icon-svg e-fab-x-twitter-square\" viewbox=\"0 0 448 512\" xmlns=\"http:\/\/www.w3.org\/2000\/svg\"><path d=\"M64 32C28.7 32 0 60.7 0 96V416c0 35.3 28.7 64 64 64H384c35.3 0 64-28.7 64-64V96c0-35.3-28.7-64-64-64H64zm297.1 84L257.3 234.6 379.4 396H283.8L209 298.1 123.3 396H75.8l111-126.9L69.7 116h98l67.7 89.5L313.6 116h47.5zM323.3 367.6L153.4 142.9H125.1L296.9 367.6h26.3z\"><\/path><\/svg>\t\t\t\t<\/a>\n\t\t\t<\/div>\n\t\t\t\n\t\t\t\t\t\t<div class=\"elementor-icon-box-content\">\n\n\t\t\t\t\t\t\t\t\t<h3 class=\"elementor-icon-box-title\">\n\t\t\t\t\t\t<a href=\"https:\/\/x.com\/dreamshaperfr\" target=\"_blank\" mail=\"contact@yashn.org\" >\n\t\t\t\t\t\t\tX\t\t\t\t\t\t<\/a>\n\t\t\t\t\t<\/h3>\n\t\t\t\t\n\t\t\t\t\n\t\t\t<\/div>\n\t\t\t\n\t\t<\/div>\n\t\t\t\t\t\t<\/div>\n\t\t\t\t<\/div>\n\t\t\t\t<\/div>\n\t\t\t\t<\/div>\n\t\t\t\t<\/div>\n\t\t\t\t<\/div>","protected":false},"excerpt":{"rendered":"<p>Bienvenue dans mon univers ! Dessinant depuis longtemps, j\u2019aime exprimer et donner vie. Cela m\u2019a conduit \u00e0 m\u2019int\u00e9resser \u00e0 l\u2019impression 3D, et de fil en aiguille \u00e0 la peinture d\u2019objets. Aujourd\u2019hui, j\u2019ai d\u00e9cid\u00e9 de mettre mes comp\u00e9tences au service de vos id\u00e9es et besoins ! Je vous propose un service d\u2019impression 3D, allant de prototypes [&hellip;]<\/p>","protected":false},"author":1,"featured_media":0,"parent":0,"menu_order":0,"comment_status":"closed","ping_status":"closed","template":"","meta":{"footnotes":""},"class_list":["post-229","page","type-page","status-publish","hentry"],"yoast_head":"<!-- This site is optimized with the Yoast SEO plugin v26.1.1 - https:\/\/yoast.com\/wordpress\/plugins\/seo\/ -->\n<title>\u00c0 propos - DreamShaper<\/title>\n<meta name=\"robots\" content=\"index, follow, max-snippet:-1, max-image-preview:large, max-video-preview:-1\" \/>\n<link rel=\"canonical\" href=\"https:\/\/dreamshaper.fr\/en\/a-propos\/\" \/>\n<meta property=\"og:locale\" content=\"en_GB\" \/>\n<meta property=\"og:type\" content=\"article\" \/>\n<meta property=\"og:title\" content=\"\u00c0 propos - DreamShaper\" \/>\n<meta property=\"og:description\" content=\"Bienvenue dans mon univers ! Dessinant depuis longtemps, j\u2019aime exprimer et donner vie. Cela m\u2019a conduit \u00e0 m\u2019int\u00e9resser \u00e0 l\u2019impression 3D, et de fil en aiguille \u00e0 la peinture d\u2019objets. Aujourd\u2019hui, j\u2019ai d\u00e9cid\u00e9 de mettre mes comp\u00e9tences au service de vos id\u00e9es et besoins ! Je vous propose un service d\u2019impression 3D, allant de prototypes [&hellip;]\" \/>\n<meta property=\"og:url\" content=\"https:\/\/dreamshaper.fr\/en\/a-propos\/\" \/>\n<meta property=\"og:site_name\" content=\"DreamShaper\" \/>\n<meta property=\"article:modified_time\" content=\"2024-12-20T16:19:42+00:00\" \/>\n<meta property=\"og:image\" content=\"https:\/\/dreamshaper.fr\/wp-content\/uploads\/2024\/11\/a_propos.jpg\" \/>\n\t<meta property=\"og:image:width\" content=\"663\" \/>\n\t<meta property=\"og:image:height\" content=\"1036\" \/>\n\t<meta property=\"og:image:type\" content=\"image\/jpeg\" \/>\n<meta name=\"twitter:card\" content=\"summary_large_image\" \/>\n<meta name=\"twitter:site\" content=\"@dreamshaperfr\" \/>\n<meta name=\"twitter:label1\" content=\"Estimated reading time\" \/>\n\t<meta name=\"twitter:data1\" content=\"1 minute\" \/>\n<script type=\"application\/ld+json\" class=\"yoast-schema-graph\">{\"@context\":\"https:\/\/schema.org\",\"@graph\":[{\"@type\":\"WebPage\",\"@id\":\"https:\/\/dreamshaper.fr\/a-propos\/\",\"url\":\"https:\/\/dreamshaper.fr\/a-propos\/\",\"name\":\"\u00c0 propos - DreamShaper\",\"isPartOf\":{\"@id\":\"https:\/\/dreamshaper.fr\/#website\"},\"primaryImageOfPage\":{\"@id\":\"https:\/\/dreamshaper.fr\/a-propos\/#primaryimage\"},\"image\":{\"@id\":\"https:\/\/dreamshaper.fr\/a-propos\/#primaryimage\"},\"thumbnailUrl\":\"https:\/\/dreamshaper.fr\/wp-content\/uploads\/2024\/11\/a_propos.jpg\",\"datePublished\":\"2024-11-08T16:05:18+00:00\",\"dateModified\":\"2024-12-20T16:19:42+00:00\",\"breadcrumb\":{\"@id\":\"https:\/\/dreamshaper.fr\/a-propos\/#breadcrumb\"},\"inLanguage\":\"en-GB\",\"potentialAction\":[{\"@type\":\"ReadAction\",\"target\":[\"https:\/\/dreamshaper.fr\/a-propos\/\"]}]},{\"@type\":\"ImageObject\",\"inLanguage\":\"en-GB\",\"@id\":\"https:\/\/dreamshaper.fr\/a-propos\/#primaryimage\",\"url\":\"https:\/\/dreamshaper.fr\/wp-content\/uploads\/2024\/11\/a_propos.jpg\",\"contentUrl\":\"https:\/\/dreamshaper.fr\/wp-content\/uploads\/2024\/11\/a_propos.jpg\"},{\"@type\":\"BreadcrumbList\",\"@id\":\"https:\/\/dreamshaper.fr\/a-propos\/#breadcrumb\",\"itemListElement\":[{\"@type\":\"ListItem\",\"position\":1,\"name\":\"Accueil\",\"item\":\"https:\/\/dreamshaper.fr\/\"},{\"@type\":\"ListItem\",\"position\":2,\"name\":\"\u00c0 propos\"}]},{\"@type\":\"WebSite\",\"@id\":\"https:\/\/dreamshaper.fr\/#website\",\"url\":\"https:\/\/dreamshaper.fr\/\",\"name\":\"DreamShaper\",\"description\":\"Impression 3D et peinture de figurines\",\"publisher\":{\"@id\":\"https:\/\/dreamshaper.fr\/#organization\"},\"potentialAction\":[{\"@type\":\"SearchAction\",\"target\":{\"@type\":\"EntryPoint\",\"urlTemplate\":\"https:\/\/dreamshaper.fr\/?s={search_term_string}\"},\"query-input\":{\"@type\":\"PropertyValueSpecification\",\"valueRequired\":true,\"valueName\":\"search_term_string\"}}],\"inLanguage\":\"en-GB\"},{\"@type\":\"Organization\",\"@id\":\"https:\/\/dreamshaper.fr\/#organization\",\"name\":\"DreamShaper\",\"url\":\"https:\/\/dreamshaper.fr\/\",\"logo\":{\"@type\":\"ImageObject\",\"inLanguage\":\"en-GB\",\"@id\":\"https:\/\/dreamshaper.fr\/#\/schema\/logo\/image\/\",\"url\":\"https:\/\/dreamshaper.fr\/wp-content\/uploads\/2024\/11\/logo.png\",\"contentUrl\":\"https:\/\/dreamshaper.fr\/wp-content\/uploads\/2024\/11\/logo.png\",\"width\":240,\"height\":323,\"caption\":\"DreamShaper\"},\"image\":{\"@id\":\"https:\/\/dreamshaper.fr\/#\/schema\/logo\/image\/\"},\"sameAs\":[\"https:\/\/x.com\/dreamshaperfr\",\"https:\/\/bsky.app\/profile\/dreamshaperfr.bsky.social\"]}]}<\/script>\n<!-- \/ Yoast SEO plugin. -->","yoast_head_json":{"title":"\u00c0 propos - DreamShaper","robots":{"index":"index","follow":"follow","max-snippet":"max-snippet:-1","max-image-preview":"max-image-preview:large","max-video-preview":"max-video-preview:-1"},"canonical":"https:\/\/dreamshaper.fr\/en\/a-propos\/","og_locale":"en_GB","og_type":"article","og_title":"\u00c0 propos - DreamShaper","og_description":"Bienvenue dans mon univers ! Dessinant depuis longtemps, j\u2019aime exprimer et donner vie. Cela m\u2019a conduit \u00e0 m\u2019int\u00e9resser \u00e0 l\u2019impression 3D, et de fil en aiguille \u00e0 la peinture d\u2019objets. Aujourd\u2019hui, j\u2019ai d\u00e9cid\u00e9 de mettre mes comp\u00e9tences au service de vos id\u00e9es et besoins ! Je vous propose un service d\u2019impression 3D, allant de prototypes [&hellip;]","og_url":"https:\/\/dreamshaper.fr\/en\/a-propos\/","og_site_name":"DreamShaper","article_modified_time":"2024-12-20T16:19:42+00:00","og_image":[{"width":663,"height":1036,"url":"https:\/\/dreamshaper.fr\/wp-content\/uploads\/2024\/11\/a_propos.jpg","type":"image\/jpeg"}],"twitter_card":"summary_large_image","twitter_site":"@dreamshaperfr","twitter_misc":{"Estimated reading time":"1 minute"},"schema":{"@context":"https:\/\/schema.org","@graph":[{"@type":"WebPage","@id":"https:\/\/dreamshaper.fr\/a-propos\/","url":"https:\/\/dreamshaper.fr\/a-propos\/","name":"\u00c0 propos - DreamShaper","isPartOf":{"@id":"https:\/\/dreamshaper.fr\/#website"},"primaryImageOfPage":{"@id":"https:\/\/dreamshaper.fr\/a-propos\/#primaryimage"},"image":{"@id":"https:\/\/dreamshaper.fr\/a-propos\/#primaryimage"},"thumbnailUrl":"https:\/\/dreamshaper.fr\/wp-content\/uploads\/2024\/11\/a_propos.jpg","datePublished":"2024-11-08T16:05:18+00:00","dateModified":"2024-12-20T16:19:42+00:00","breadcrumb":{"@id":"https:\/\/dreamshaper.fr\/a-propos\/#breadcrumb"},"inLanguage":"en-GB","potentialAction":[{"@type":"ReadAction","target":["https:\/\/dreamshaper.fr\/a-propos\/"]}]},{"@type":"ImageObject","inLanguage":"en-GB","@id":"https:\/\/dreamshaper.fr\/a-propos\/#primaryimage","url":"https:\/\/dreamshaper.fr\/wp-content\/uploads\/2024\/11\/a_propos.jpg","contentUrl":"https:\/\/dreamshaper.fr\/wp-content\/uploads\/2024\/11\/a_propos.jpg"},{"@type":"BreadcrumbList","@id":"https:\/\/dreamshaper.fr\/a-propos\/#breadcrumb","itemListElement":[{"@type":"ListItem","position":1,"name":"Accueil","item":"https:\/\/dreamshaper.fr\/"},{"@type":"ListItem","position":2,"name":"\u00c0 propos"}]},{"@type":"WebSite","@id":"https:\/\/dreamshaper.fr\/#website","url":"https:\/\/dreamshaper.fr\/","name":"DreamShaper","description":"3D printing and figure painting","publisher":{"@id":"https:\/\/dreamshaper.fr\/#organization"},"potentialAction":[{"@type":"SearchAction","target":{"@type":"EntryPoint","urlTemplate":"https:\/\/dreamshaper.fr\/?s={search_term_string}"},"query-input":{"@type":"PropertyValueSpecification","valueRequired":true,"valueName":"search_term_string"}}],"inLanguage":"en-GB"},{"@type":"Organization","@id":"https:\/\/dreamshaper.fr\/#organization","name":"DreamShaper","url":"https:\/\/dreamshaper.fr\/","logo":{"@type":"ImageObject","inLanguage":"en-GB","@id":"https:\/\/dreamshaper.fr\/#\/schema\/logo\/image\/","url":"https:\/\/dreamshaper.fr\/wp-content\/uploads\/2024\/11\/logo.png","contentUrl":"https:\/\/dreamshaper.fr\/wp-content\/uploads\/2024\/11\/logo.png","width":240,"height":323,"caption":"DreamShaper"},"image":{"@id":"https:\/\/dreamshaper.fr\/#\/schema\/logo\/image\/"},"sameAs":["https:\/\/x.com\/dreamshaperfr","https:\/\/bsky.app\/profile\/dreamshaperfr.bsky.social"]}]}},"_links":{"self":[{"href":"https:\/\/dreamshaper.fr\/en\/wp-json\/wp\/v2\/pages\/229","targetHints":{"allow":["GET"]}}],"collection":[{"href":"https:\/\/dreamshaper.fr\/en\/wp-json\/wp\/v2\/pages"}],"about":[{"href":"https:\/\/dreamshaper.fr\/en\/wp-json\/wp\/v2\/types\/page"}],"author":[{"embeddable":true,"href":"https:\/\/dreamshaper.fr\/en\/wp-json\/wp\/v2\/users\/1"}],"replies":[{"embeddable":true,"href":"https:\/\/dreamshaper.fr\/en\/wp-json\/wp\/v2\/comments?post=229"}],"version-history":[{"count":0,"href":"https:\/\/dreamshaper.fr\/en\/wp-json\/wp\/v2\/pages\/229\/revisions"}],"wp:attachment":[{"href":"https:\/\/dreamshaper.fr\/en\/wp-json\/wp\/v2\/media?parent=229"}],"curies":[{"name":"wp","href":"https:\/\/api.w.org\/{rel}","templated":true}]}}