{"id":238,"date":"2024-11-08T17:05:18","date_gmt":"2024-11-08T16:05:18","guid":{"rendered":"https:\/\/dreamshaper.fr\/?page_id=238"},"modified":"2024-12-10T13:20:31","modified_gmt":"2024-12-10T12:20:31","slug":"accueil","status":"publish","type":"page","link":"https:\/\/dreamshaper.fr\/en\/","title":{"rendered":"Homepage"},"content":{"rendered":"<div data-elementor-type=\"wp-post\" data-elementor-id=\"238\" class=\"elementor elementor-238\">\n\t\t\t\t<div class=\"elementor-element elementor-element-49734999 e-con-full e-flex e-con e-parent\" data-id=\"49734999\" data-element_type=\"container\">\n\t\t\t\t<div class=\"elementor-element elementor-element-5163bf1 elementor-widget elementor-widget-spacer\" data-id=\"5163bf1\" data-element_type=\"widget\" data-widget_type=\"spacer.default\">\n\t\t\t\t<div class=\"elementor-widget-container\">\n\t\t\t\t\t\t\t<div class=\"elementor-spacer\">\n\t\t\t<div class=\"elementor-spacer-inner\"><\/div>\n\t\t<\/div>\n\t\t\t\t\t\t<\/div>\n\t\t\t\t<\/div>\n\t\t\t\t<\/div>\n\t\t<div class=\"elementor-element elementor-element-24ad913a e-con-full e-flex e-con e-parent\" data-id=\"24ad913a\" data-element_type=\"container\" data-settings=\"{&quot;background_background&quot;:&quot;classic&quot;}\">\n\t\t\t\t<div class=\"elementor-element elementor-element-6139a72 elementor-widget elementor-widget-image\" data-id=\"6139a72\" data-element_type=\"widget\" data-widget_type=\"image.default\">\n\t\t\t\t<div class=\"elementor-widget-container\">\n\t\t\t\t\t\t\t\t\t\t\t\t\t\t\t<img fetchpriority=\"high\" decoding=\"async\" width=\"368\" height=\"786\" src=\"https:\/\/dreamshaper.fr\/wp-content\/uploads\/2024\/11\/accueil6.jpg\" class=\"attachment-large size-large wp-image-870\" alt=\"Accueil\" srcset=\"https:\/\/dreamshaper.fr\/wp-content\/uploads\/2024\/11\/accueil6.jpg 368w, https:\/\/dreamshaper.fr\/wp-content\/uploads\/2024\/11\/accueil6-140x300.jpg 140w\" sizes=\"(max-width: 368px) 100vw, 368px\" \/>\t\t\t\t\t\t\t\t\t\t\t\t\t\t\t<\/div>\n\t\t\t\t<\/div>\n\t\t<div class=\"elementor-element elementor-element-b267b2a e-flex e-con-boxed e-con e-child\" data-id=\"b267b2a\" data-element_type=\"container\">\n\t\t\t\t\t<div class=\"e-con-inner\">\n\t\t\t\t<div class=\"elementor-element elementor-element-62f87c5 elementor-widget elementor-widget-elementskit-heading\" data-id=\"62f87c5\" data-element_type=\"widget\" data-widget_type=\"elementskit-heading.default\">\n\t\t\t\t<div class=\"elementor-widget-container\">\n\t\t\t\t\t<div class=\"ekit-wid-con\" ><div class=\"ekit-heading elementskit-section-title-wraper text_left   ekit_heading_tablet-   ekit_heading_mobile-\"><h2 class=\"ekit-heading--title elementskit-section-title\">Welcome on DreamShaper!<\/h2><div class=\"ekit_heading_separetor_wraper ekit_heading_elementskit-border-divider\"><div class=\"elementskit-border-divider\"><\/div><\/div><\/div><\/div>\t\t\t\t<\/div>\n\t\t\t\t<\/div>\n\t\t\t\t<div class=\"elementor-element elementor-element-1dcf691 elementor-widget elementor-widget-text-editor\" data-id=\"1dcf691\" data-element_type=\"widget\" data-widget_type=\"text-editor.default\">\n\t\t\t\t<div class=\"elementor-widget-container\">\n\t\t\t\t\t\t\t\t\t<p>Are you looking for original and custom pieces? You are at the right place!\nTransform your ideas to reality thanks to DreamShaper, your 3D printing and painting service!<br \/><br \/>Discover our services:<\/p>\t\t\t\t\t\t\t\t<\/div>\n\t\t\t\t<\/div>\n\t\t<div class=\"elementor-element elementor-element-14c5bfa e-con-full e-flex e-con e-child\" data-id=\"14c5bfa\" data-element_type=\"container\">\n\t\t<div class=\"elementor-element elementor-element-eefc823 e-grid e-con-full e-con e-child\" data-id=\"eefc823\" data-element_type=\"container\">\n\t\t\t\t<div class=\"elementor-element elementor-element-e483903 elementor-widget__width-initial ekit-equal-height-disable elementor-widget elementor-widget-elementskit-image-box\" data-id=\"e483903\" data-element_type=\"widget\" data-widget_type=\"elementskit-image-box.default\">\n\t\t\t\t<div class=\"elementor-widget-container\">\n\t\t\t\t\t<div class=\"ekit-wid-con\" >\n            <div class=\"elementskit-info-image-box ekit-image-box text-center style-modern\" >\n\n                \n                <div class=\"elementskit-box-header image-box-img-center\">\n\n                    <img decoding=\"async\" width=\"796\" height=\"1120\" src=\"https:\/\/dreamshaper.fr\/wp-content\/uploads\/2024\/12\/print_precis.jpg\" class=\"attachment-full size-full wp-image-1189\" alt=\"Print r\u00e9sine\" srcset=\"https:\/\/dreamshaper.fr\/wp-content\/uploads\/2024\/12\/print_precis.jpg 796w, https:\/\/dreamshaper.fr\/wp-content\/uploads\/2024\/12\/print_precis-213x300.jpg 213w, https:\/\/dreamshaper.fr\/wp-content\/uploads\/2024\/12\/print_precis-728x1024.jpg 728w, https:\/\/dreamshaper.fr\/wp-content\/uploads\/2024\/12\/print_precis-768x1081.jpg 768w\" sizes=\"(max-width: 796px) 100vw, 796px\" \/>\n                <\/div>\n                \n                <div class=\"elementskit-box-body ekit-image-box-body\">\n                    <div class=\"elementskit-box-content ekit-image-box-body-inner\">\n                                                <h3 class=\"elementskit-info-box-title\">\n\n                        3D Printing\n                        \n                    <\/h3>\n                                                        <\/div>\n\n                                <div class=\"elementskit-box-footer\">\n                    <div class=\"box-footer\">\n                        <div class=\"btn-wraper\">\n                                                            <a href=\"https:\/\/dreamshaper.fr\/en\/impression\/\" class=\"elementskit-btn whitespace--normal\">\n                                    Read more                                <\/a>\n                                                    <\/div>\n                    <\/div>\n                <\/div>\n                            <\/div>\n            <\/div>\n    <\/div>\t\t\t\t<\/div>\n\t\t\t\t<\/div>\n\t\t\t\t<div class=\"elementor-element elementor-element-bbac056 elementor-widget__width-initial ekit-equal-height-disable elementor-widget elementor-widget-elementskit-image-box\" data-id=\"bbac056\" data-element_type=\"widget\" data-widget_type=\"elementskit-image-box.default\">\n\t\t\t\t<div class=\"elementor-widget-container\">\n\t\t\t\t\t<div class=\"ekit-wid-con\" >\n            <div class=\"elementskit-info-image-box ekit-image-box text-center style-modern\" >\n\n                \n                <div class=\"elementskit-box-header image-box-img-center\">\n\n                    <img decoding=\"async\" width=\"910\" height=\"1280\" src=\"https:\/\/dreamshaper.fr\/wp-content\/uploads\/2024\/12\/paint_archaon_2_cc.jpg\" class=\"attachment-full size-full wp-image-1193\" alt=\"Archaon\" srcset=\"https:\/\/dreamshaper.fr\/wp-content\/uploads\/2024\/12\/paint_archaon_2_cc.jpg 910w, https:\/\/dreamshaper.fr\/wp-content\/uploads\/2024\/12\/paint_archaon_2_cc-213x300.jpg 213w, https:\/\/dreamshaper.fr\/wp-content\/uploads\/2024\/12\/paint_archaon_2_cc-728x1024.jpg 728w, https:\/\/dreamshaper.fr\/wp-content\/uploads\/2024\/12\/paint_archaon_2_cc-768x1080.jpg 768w\" sizes=\"(max-width: 910px) 100vw, 910px\" \/>\n                <\/div>\n                \n                <div class=\"elementskit-box-body ekit-image-box-body\">\n                    <div class=\"elementskit-box-content ekit-image-box-body-inner\">\n                                                <h3 class=\"elementskit-info-box-title\">\n\n                        Miniature painting\n                        \n                    <\/h3>\n                                                        <\/div>\n\n                                <div class=\"elementskit-box-footer\">\n                    <div class=\"box-footer\">\n                        <div class=\"btn-wraper\">\n                                                            <a href=\"https:\/\/dreamshaper.fr\/en\/peinture\/\" class=\"elementskit-btn whitespace--normal\">\n                                    Read more                                <\/a>\n                                                    <\/div>\n                    <\/div>\n                <\/div>\n                            <\/div>\n            <\/div>\n    <\/div>\t\t\t\t<\/div>\n\t\t\t\t<\/div>\n\t\t\t\t<\/div>\n\t\t\t\t<\/div>\n\t\t\t\t\t<\/div>\n\t\t\t\t<\/div>\n\t\t\t\t<\/div>\n\t\t\t\t<\/div>","protected":false},"excerpt":{"rendered":"<p>Bienvenue sur DreamShaper ! \u00c0 la recherche de pi\u00e8ces uniques et personnalis\u00e9es ? Vous \u00eates au bon endroit ! Transformez vos id\u00e9es en r\u00e9alit\u00e9 gr\u00e2ce \u00e0 DreamShaper, votre service d\u2019impression 3D et de peinture de figurine ! D\u00e9couvrez nos services : Impression 3D En savoir plus Peinture de figurine En savoir plus<\/p>","protected":false},"author":1,"featured_media":0,"parent":0,"menu_order":0,"comment_status":"closed","ping_status":"closed","template":"","meta":{"footnotes":""},"class_list":["post-238","page","type-page","status-publish","hentry"],"yoast_head":"<!-- This site is optimized with the Yoast SEO plugin v26.1.1 - https:\/\/yoast.com\/wordpress\/plugins\/seo\/ -->\n<title>Accueil - DreamShaper<\/title>\n<meta name=\"description\" content=\"Transformez vos id\u00e9es en r\u00e9alit\u00e9 gr\u00e2ce \u00e0 DreamShaper, votre service d\u2019impression 3D et de peinture de figurine !\" \/>\n<meta name=\"robots\" content=\"index, follow, max-snippet:-1, max-image-preview:large, max-video-preview:-1\" \/>\n<link rel=\"canonical\" href=\"https:\/\/dreamshaper.fr\/en\/\" \/>\n<meta property=\"og:locale\" content=\"en_GB\" \/>\n<meta property=\"og:type\" content=\"article\" \/>\n<meta property=\"og:title\" content=\"DreamShaper\" \/>\n<meta property=\"og:description\" content=\"Transformez vos id\u00e9es en r\u00e9alit\u00e9 gr\u00e2ce \u00e0 DreamShaper, votre service d\u2019impression 3D et de peinture de figurine !\" \/>\n<meta property=\"og:url\" content=\"https:\/\/dreamshaper.fr\/en\/\" \/>\n<meta property=\"og:site_name\" content=\"DreamShaper\" \/>\n<meta property=\"article:modified_time\" content=\"2024-12-10T12:20:31+00:00\" \/>\n<meta property=\"og:image\" content=\"https:\/\/dreamshaper.fr\/wp-content\/uploads\/2024\/11\/accueil6.jpg\" \/>\n<meta name=\"twitter:card\" content=\"summary_large_image\" \/>\n<meta name=\"twitter:site\" content=\"@dreamshaperfr\" \/>\n<meta name=\"twitter:label1\" content=\"Estimated reading time\" \/>\n\t<meta name=\"twitter:data1\" content=\"1 minute\" \/>\n<script type=\"application\/ld+json\" class=\"yoast-schema-graph\">{\"@context\":\"https:\/\/schema.org\",\"@graph\":[{\"@type\":\"WebPage\",\"@id\":\"https:\/\/dreamshaper.fr\/\",\"url\":\"https:\/\/dreamshaper.fr\/\",\"name\":\"Accueil - DreamShaper\",\"isPartOf\":{\"@id\":\"https:\/\/dreamshaper.fr\/#website\"},\"primaryImageOfPage\":{\"@id\":\"https:\/\/dreamshaper.fr\/#primaryimage\"},\"image\":{\"@id\":\"https:\/\/dreamshaper.fr\/#primaryimage\"},\"thumbnailUrl\":\"https:\/\/dreamshaper.fr\/wp-content\/uploads\/2024\/11\/accueil6.jpg\",\"datePublished\":\"2024-11-08T16:05:18+00:00\",\"dateModified\":\"2024-12-10T12:20:31+00:00\",\"description\":\"Transformez vos id\u00e9es en r\u00e9alit\u00e9 gr\u00e2ce \u00e0 DreamShaper, votre service d\u2019impression 3D et de peinture de figurine !\",\"breadcrumb\":{\"@id\":\"https:\/\/dreamshaper.fr\/#breadcrumb\"},\"inLanguage\":\"en-GB\",\"potentialAction\":[{\"@type\":\"ReadAction\",\"target\":[\"https:\/\/dreamshaper.fr\/\"]}]},{\"@type\":\"ImageObject\",\"inLanguage\":\"en-GB\",\"@id\":\"https:\/\/dreamshaper.fr\/#primaryimage\",\"url\":\"https:\/\/dreamshaper.fr\/wp-content\/uploads\/2024\/11\/accueil6.jpg\",\"contentUrl\":\"https:\/\/dreamshaper.fr\/wp-content\/uploads\/2024\/11\/accueil6.jpg\"},{\"@type\":\"BreadcrumbList\",\"@id\":\"https:\/\/dreamshaper.fr\/#breadcrumb\",\"itemListElement\":[{\"@type\":\"ListItem\",\"position\":1,\"name\":\"Accueil\",\"item\":\"https:\/\/dreamshaper.fr\/\"},{\"@type\":\"ListItem\",\"position\":2,\"name\":\"Accueil\"}]},{\"@type\":\"WebSite\",\"@id\":\"https:\/\/dreamshaper.fr\/#website\",\"url\":\"https:\/\/dreamshaper.fr\/\",\"name\":\"DreamShaper\",\"description\":\"Impression 3D et peinture de figurines\",\"publisher\":{\"@id\":\"https:\/\/dreamshaper.fr\/#organization\"},\"potentialAction\":[{\"@type\":\"SearchAction\",\"target\":{\"@type\":\"EntryPoint\",\"urlTemplate\":\"https:\/\/dreamshaper.fr\/?s={search_term_string}\"},\"query-input\":{\"@type\":\"PropertyValueSpecification\",\"valueRequired\":true,\"valueName\":\"search_term_string\"}}],\"inLanguage\":\"en-GB\"},{\"@type\":\"Organization\",\"@id\":\"https:\/\/dreamshaper.fr\/#organization\",\"name\":\"DreamShaper\",\"url\":\"https:\/\/dreamshaper.fr\/\",\"logo\":{\"@type\":\"ImageObject\",\"inLanguage\":\"en-GB\",\"@id\":\"https:\/\/dreamshaper.fr\/#\/schema\/logo\/image\/\",\"url\":\"https:\/\/dreamshaper.fr\/wp-content\/uploads\/2024\/11\/logo.png\",\"contentUrl\":\"https:\/\/dreamshaper.fr\/wp-content\/uploads\/2024\/11\/logo.png\",\"width\":240,\"height\":323,\"caption\":\"DreamShaper\"},\"image\":{\"@id\":\"https:\/\/dreamshaper.fr\/#\/schema\/logo\/image\/\"},\"sameAs\":[\"https:\/\/x.com\/dreamshaperfr\",\"https:\/\/bsky.app\/profile\/dreamshaperfr.bsky.social\"]}]}<\/script>\n<!-- \/ Yoast SEO plugin. -->","yoast_head_json":{"title":"Accueil - DreamShaper","description":"Transformez vos id\u00e9es en r\u00e9alit\u00e9 gr\u00e2ce \u00e0 DreamShaper, votre service d\u2019impression 3D et de peinture de figurine !","robots":{"index":"index","follow":"follow","max-snippet":"max-snippet:-1","max-image-preview":"max-image-preview:large","max-video-preview":"max-video-preview:-1"},"canonical":"https:\/\/dreamshaper.fr\/en\/","og_locale":"en_GB","og_type":"article","og_title":"DreamShaper","og_description":"Transformez vos id\u00e9es en r\u00e9alit\u00e9 gr\u00e2ce \u00e0 DreamShaper, votre service d\u2019impression 3D et de peinture de figurine !","og_url":"https:\/\/dreamshaper.fr\/en\/","og_site_name":"DreamShaper","article_modified_time":"2024-12-10T12:20:31+00:00","og_image":[{"url":"https:\/\/dreamshaper.fr\/wp-content\/uploads\/2024\/11\/accueil6.jpg","type":"","width":"","height":""}],"twitter_card":"summary_large_image","twitter_site":"@dreamshaperfr","twitter_misc":{"Estimated reading time":"1 minute"},"schema":{"@context":"https:\/\/schema.org","@graph":[{"@type":"WebPage","@id":"https:\/\/dreamshaper.fr\/","url":"https:\/\/dreamshaper.fr\/","name":"Accueil - DreamShaper","isPartOf":{"@id":"https:\/\/dreamshaper.fr\/#website"},"primaryImageOfPage":{"@id":"https:\/\/dreamshaper.fr\/#primaryimage"},"image":{"@id":"https:\/\/dreamshaper.fr\/#primaryimage"},"thumbnailUrl":"https:\/\/dreamshaper.fr\/wp-content\/uploads\/2024\/11\/accueil6.jpg","datePublished":"2024-11-08T16:05:18+00:00","dateModified":"2024-12-10T12:20:31+00:00","description":"Transformez vos id\u00e9es en r\u00e9alit\u00e9 gr\u00e2ce \u00e0 DreamShaper, votre service d\u2019impression 3D et de peinture de figurine !","breadcrumb":{"@id":"https:\/\/dreamshaper.fr\/#breadcrumb"},"inLanguage":"en-GB","potentialAction":[{"@type":"ReadAction","target":["https:\/\/dreamshaper.fr\/"]}]},{"@type":"ImageObject","inLanguage":"en-GB","@id":"https:\/\/dreamshaper.fr\/#primaryimage","url":"https:\/\/dreamshaper.fr\/wp-content\/uploads\/2024\/11\/accueil6.jpg","contentUrl":"https:\/\/dreamshaper.fr\/wp-content\/uploads\/2024\/11\/accueil6.jpg"},{"@type":"BreadcrumbList","@id":"https:\/\/dreamshaper.fr\/#breadcrumb","itemListElement":[{"@type":"ListItem","position":1,"name":"Accueil","item":"https:\/\/dreamshaper.fr\/"},{"@type":"ListItem","position":2,"name":"Accueil"}]},{"@type":"WebSite","@id":"https:\/\/dreamshaper.fr\/#website","url":"https:\/\/dreamshaper.fr\/","name":"DreamShaper","description":"3D printing and figure painting","publisher":{"@id":"https:\/\/dreamshaper.fr\/#organization"},"potentialAction":[{"@type":"SearchAction","target":{"@type":"EntryPoint","urlTemplate":"https:\/\/dreamshaper.fr\/?s={search_term_string}"},"query-input":{"@type":"PropertyValueSpecification","valueRequired":true,"valueName":"search_term_string"}}],"inLanguage":"en-GB"},{"@type":"Organization","@id":"https:\/\/dreamshaper.fr\/#organization","name":"DreamShaper","url":"https:\/\/dreamshaper.fr\/","logo":{"@type":"ImageObject","inLanguage":"en-GB","@id":"https:\/\/dreamshaper.fr\/#\/schema\/logo\/image\/","url":"https:\/\/dreamshaper.fr\/wp-content\/uploads\/2024\/11\/logo.png","contentUrl":"https:\/\/dreamshaper.fr\/wp-content\/uploads\/2024\/11\/logo.png","width":240,"height":323,"caption":"DreamShaper"},"image":{"@id":"https:\/\/dreamshaper.fr\/#\/schema\/logo\/image\/"},"sameAs":["https:\/\/x.com\/dreamshaperfr","https:\/\/bsky.app\/profile\/dreamshaperfr.bsky.social"]}]}},"_links":{"self":[{"href":"https:\/\/dreamshaper.fr\/en\/wp-json\/wp\/v2\/pages\/238","targetHints":{"allow":["GET"]}}],"collection":[{"href":"https:\/\/dreamshaper.fr\/en\/wp-json\/wp\/v2\/pages"}],"about":[{"href":"https:\/\/dreamshaper.fr\/en\/wp-json\/wp\/v2\/types\/page"}],"author":[{"embeddable":true,"href":"https:\/\/dreamshaper.fr\/en\/wp-json\/wp\/v2\/users\/1"}],"replies":[{"embeddable":true,"href":"https:\/\/dreamshaper.fr\/en\/wp-json\/wp\/v2\/comments?post=238"}],"version-history":[{"count":0,"href":"https:\/\/dreamshaper.fr\/en\/wp-json\/wp\/v2\/pages\/238\/revisions"}],"wp:attachment":[{"href":"https:\/\/dreamshaper.fr\/en\/wp-json\/wp\/v2\/media?parent=238"}],"curies":[{"name":"wp","href":"https:\/\/api.w.org\/{rel}","templated":true}]}}